{"id":489,"date":"2023-07-19T12:42:31","date_gmt":"2023-07-19T15:42:31","guid":{"rendered":"https:\/\/grupo-nexa.com\/?page_id=489"},"modified":"2023-07-19T13:30:22","modified_gmt":"2023-07-19T16:30:22","slug":"sap-consulting","status":"publish","type":"page","link":"https:\/\/grupo-nexa.com\/es\/sap-services\/sap-consulting\/","title":{"rendered":"Consultor\u00eda SAP\u00a0\u00a0"},"content":{"rendered":"<div data-elementor-type=\"wp-page\" data-elementor-id=\"489\" class=\"elementor elementor-489\" data-elementor-post-type=\"page\">\n\t\t\t\t\t\t\t\t\t<section class=\"elementor-section elementor-top-section elementor-element elementor-element-1c5c9a88 elementor-section-boxed elementor-section-height-default elementor-section-height-default\" data-id=\"1c5c9a88\" data-element_type=\"section\" data-settings=\"{&quot;background_background&quot;:&quot;classic&quot;,&quot;ekit_has_onepagescroll_dot&quot;:&quot;yes&quot;}\">\n\t\t\t\t\t\t\t<div class=\"elementor-background-overlay\"><\/div>\n\t\t\t\t\t\t\t<div class=\"elementor-container elementor-column-gap-wider\">\n\t\t\t\t\t<div class=\"elementor-column elementor-col-100 elementor-top-column elementor-element elementor-element-515312ed\" data-id=\"515312ed\" data-element_type=\"column\">\n\t\t\t<div class=\"elementor-widget-wrap elementor-element-populated\">\n\t\t\t\t\t\t\t\t<section class=\"elementor-section elementor-inner-section elementor-element elementor-element-3fa9170e elementor-section-height-min-height elementor-section-boxed elementor-section-height-default\" data-id=\"3fa9170e\" data-element_type=\"section\" data-settings=\"{&quot;background_background&quot;:&quot;classic&quot;,&quot;ekit_has_onepagescroll_dot&quot;:&quot;yes&quot;}\">\n\t\t\t\t\t\t<div class=\"elementor-container elementor-column-gap-wider\">\n\t\t\t\t\t<div class=\"elementor-column elementor-col-100 elementor-inner-column elementor-element elementor-element-2a89d40d\" data-id=\"2a89d40d\" data-element_type=\"column\">\n\t\t\t<div class=\"elementor-widget-wrap elementor-element-populated\">\n\t\t\t\t\t\t\t\t<div class=\"elementor-element elementor-element-4cb5df9d elementor-invisible elementor-widget elementor-widget-text-editor\" data-id=\"4cb5df9d\" data-element_type=\"widget\" data-settings=\"{&quot;_animation&quot;:&quot;fadeInLeft&quot;,&quot;_animation_delay&quot;:800,&quot;ekit_we_effect_on&quot;:&quot;none&quot;}\" data-widget_type=\"text-editor.default\">\n\t\t\t\t<div class=\"elementor-widget-container\">\n\t\t\t<style>\/*! elementor - v3.15.0 - 09-08-2023 *\/\n.elementor-widget-text-editor.elementor-drop-cap-view-stacked .elementor-drop-cap{background-color:#69727d;color:#fff}.elementor-widget-text-editor.elementor-drop-cap-view-framed .elementor-drop-cap{color:#69727d;border:3px solid;background-color:transparent}.elementor-widget-text-editor:not(.elementor-drop-cap-view-default) .elementor-drop-cap{margin-top:8px}.elementor-widget-text-editor:not(.elementor-drop-cap-view-default) .elementor-drop-cap-letter{width:1em;height:1em}.elementor-widget-text-editor .elementor-drop-cap{float:left;text-align:center;line-height:1;font-size:50px}.elementor-widget-text-editor .elementor-drop-cap-letter{display:inline-block}<\/style>\t\t\t\t<p><span style=\"font-weight: 400;\">\u00a1Desbloqueando todo el potencial de las soluciones SAP!<\/span><\/p>\t\t\t\t\t\t<\/div>\n\t\t\t\t<\/div>\n\t\t\t\t\t<\/div>\n\t\t<\/div>\n\t\t\t\t\t\t\t<\/div>\n\t\t<\/section>\n\t\t\t\t\t<\/div>\n\t\t<\/div>\n\t\t\t\t\t\t\t<\/div>\n\t\t<\/section>\n\t\t\t\t<section class=\"elementor-section elementor-top-section elementor-element elementor-element-4d5f7184 elementor-section-height-min-height elementor-section-items-stretch elementor-section-boxed elementor-section-height-default\" data-id=\"4d5f7184\" data-element_type=\"section\" data-settings=\"{&quot;background_background&quot;:&quot;classic&quot;,&quot;ekit_has_onepagescroll_dot&quot;:&quot;yes&quot;}\">\n\t\t\t\t\t\t<div class=\"elementor-container elementor-column-gap-no\">\n\t\t\t\t\t<div class=\"elementor-column elementor-col-50 elementor-top-column elementor-element elementor-element-47db342a\" data-id=\"47db342a\" data-element_type=\"column\">\n\t\t\t<div class=\"elementor-widget-wrap elementor-element-populated\">\n\t\t\t\t\t\t\t\t<section class=\"elementor-section elementor-inner-section elementor-element elementor-element-51449293 elementor-section-boxed elementor-section-height-default elementor-section-height-default\" data-id=\"51449293\" data-element_type=\"section\" data-settings=\"{&quot;sticky&quot;:&quot;top&quot;,&quot;sticky_offset&quot;:150,&quot;sticky_parent&quot;:&quot;yes&quot;,&quot;ekit_has_onepagescroll_dot&quot;:&quot;yes&quot;,&quot;sticky_on&quot;:[&quot;desktop&quot;,&quot;laptop&quot;,&quot;tablet&quot;,&quot;mobile&quot;],&quot;sticky_effects_offset&quot;:0}\">\n\t\t\t\t\t\t<div class=\"elementor-container elementor-column-gap-wider\">\n\t\t\t\t\t<div class=\"elementor-column elementor-col-100 elementor-inner-column elementor-element elementor-element-375b5d29\" data-id=\"375b5d29\" data-element_type=\"column\">\n\t\t\t<div class=\"elementor-widget-wrap elementor-element-populated\">\n\t\t\t\t\t\t\t\t<div class=\"elementor-element elementor-element-64f28144 elementor-widget elementor-widget-heading\" data-id=\"64f28144\" data-element_type=\"widget\" data-settings=\"{&quot;ekit_we_effect_on&quot;:&quot;none&quot;}\" data-widget_type=\"heading.default\">\n\t\t\t\t<div class=\"elementor-widget-container\">\n\t\t\t<style>\/*! elementor - v3.15.0 - 09-08-2023 *\/\n.elementor-heading-title{padding:0;margin:0;line-height:1}.elementor-widget-heading .elementor-heading-title[class*=elementor-size-]>a{color:inherit;font-size:inherit;line-height:inherit}.elementor-widget-heading .elementor-heading-title.elementor-size-small{font-size:15px}.elementor-widget-heading .elementor-heading-title.elementor-size-medium{font-size:19px}.elementor-widget-heading .elementor-heading-title.elementor-size-large{font-size:29px}.elementor-widget-heading .elementor-heading-title.elementor-size-xl{font-size:39px}.elementor-widget-heading .elementor-heading-title.elementor-size-xxl{font-size:59px}<\/style><h2 class=\"elementor-heading-title elementor-size-default\">Ll\u00e1manos<\/h2>\t\t<\/div>\n\t\t\t\t<\/div>\n\t\t\t\t<div class=\"elementor-element elementor-element-1e23e4dc elementor-view-stacked elementor-widget-mobile__width-initial elementor-shape-circle elementor-widget elementor-widget-icon\" data-id=\"1e23e4dc\" data-element_type=\"widget\" data-settings=\"{&quot;ekit_we_effect_on&quot;:&quot;none&quot;}\" data-widget_type=\"icon.default\">\n\t\t\t\t<div class=\"elementor-widget-container\">\n\t\t\t\t\t<div class=\"elementor-icon-wrapper\">\n\t\t\t<a class=\"elementor-icon\" href=\"https:\/\/api.whatsapp.com\/send?phone=541165056265&amp;text=Iwouldlikemoreinformationabout...\" target=\"_blank\">\n\t\t\t<i aria-hidden=\"true\" class=\"fas fa-phone-alt\"><\/i>\t\t\t<\/a>\n\t\t<\/div>\n\t\t\t\t<\/div>\n\t\t\t\t<\/div>\n\t\t\t\t<div class=\"elementor-element elementor-element-357a5baa elementor-view-stacked elementor-widget-mobile__width-auto elementor-shape-circle elementor-widget elementor-widget-icon\" data-id=\"357a5baa\" data-element_type=\"widget\" data-settings=\"{&quot;ekit_we_effect_on&quot;:&quot;none&quot;}\" data-widget_type=\"icon.default\">\n\t\t\t\t<div class=\"elementor-widget-container\">\n\t\t\t\t\t<div class=\"elementor-icon-wrapper\">\n\t\t\t<a class=\"elementor-icon\" href=\"https:\/\/grupo-nexa.com\/es\/contact-us\/\">\n\t\t\t<i aria-hidden=\"true\" class=\"fas fa-envelope\"><\/i>\t\t\t<\/a>\n\t\t<\/div>\n\t\t\t\t<\/div>\n\t\t\t\t<\/div>\n\t\t\t\t\t<\/div>\n\t\t<\/div>\n\t\t\t\t\t\t\t<\/div>\n\t\t<\/section>\n\t\t\t\t\t<\/div>\n\t\t<\/div>\n\t\t\t\t<div class=\"elementor-column elementor-col-50 elementor-top-column elementor-element elementor-element-3df51b1f\" data-id=\"3df51b1f\" data-element_type=\"column\" data-settings=\"{&quot;background_background&quot;:&quot;classic&quot;}\">\n\t\t\t<div class=\"elementor-widget-wrap elementor-element-populated\">\n\t\t\t\t\t\t\t\t<section class=\"elementor-section elementor-inner-section elementor-element elementor-element-bcc59fc elementor-section-boxed elementor-section-height-default elementor-section-height-default\" data-id=\"bcc59fc\" data-element_type=\"section\" data-settings=\"{&quot;ekit_has_onepagescroll_dot&quot;:&quot;yes&quot;}\">\n\t\t\t\t\t\t<div class=\"elementor-container elementor-column-gap-wider\">\n\t\t\t\t\t<div class=\"elementor-column elementor-col-50 elementor-inner-column elementor-element elementor-element-4d5697eb\" data-id=\"4d5697eb\" data-element_type=\"column\" data-settings=\"{&quot;background_background&quot;:&quot;classic&quot;}\">\n\t\t\t<div class=\"elementor-widget-wrap elementor-element-populated\">\n\t\t\t\t\t\t\t\t<div class=\"elementor-element elementor-element-5e7893c6 elementor-widget elementor-widget-heading\" data-id=\"5e7893c6\" data-element_type=\"widget\" data-settings=\"{&quot;ekit_we_effect_on&quot;:&quot;none&quot;}\" data-widget_type=\"heading.default\">\n\t\t\t\t<div class=\"elementor-widget-container\">\n\t\t\t<p class=\"elementor-heading-title elementor-size-default\">Nuestros Servicios de Consultor\u00eda SAP est\u00e1n dise\u00f1ados para brindarte orientaci\u00f3n experta, soporte y conocimientos estrat\u00e9gicos para maximizar el valor de las soluciones SAP. Aqu\u00ed te explicamos por qu\u00e9 nuestros Servicios de Consultor\u00eda SAP son la clave para tu \u00e9xito:\n<\/p>\t\t<\/div>\n\t\t\t\t<\/div>\n\t\t\t\t\t<\/div>\n\t\t<\/div>\n\t\t\t\t<div class=\"elementor-column elementor-col-50 elementor-inner-column elementor-element elementor-element-f0f6140\" data-id=\"f0f6140\" data-element_type=\"column\" data-settings=\"{&quot;background_background&quot;:&quot;classic&quot;}\">\n\t\t\t<div class=\"elementor-widget-wrap\">\n\t\t\t\t\t\t\t\t\t<\/div>\n\t\t<\/div>\n\t\t\t\t\t\t\t<\/div>\n\t\t<\/section>\n\t\t\t\t<section class=\"elementor-section elementor-inner-section elementor-element elementor-element-c08ab54 elementor-section-boxed elementor-section-height-default elementor-section-height-default\" data-id=\"c08ab54\" data-element_type=\"section\" data-settings=\"{&quot;ekit_has_onepagescroll_dot&quot;:&quot;yes&quot;}\">\n\t\t\t\t\t\t<div class=\"elementor-container elementor-column-gap-wider\">\n\t\t\t\t\t<div class=\"elementor-column elementor-col-100 elementor-inner-column elementor-element elementor-element-abc3efa\" data-id=\"abc3efa\" data-element_type=\"column\">\n\t\t\t<div class=\"elementor-widget-wrap elementor-element-populated\">\n\t\t\t\t\t\t\t\t<div class=\"elementor-element elementor-element-2adb8e7 elementor-widget elementor-widget-text-editor\" data-id=\"2adb8e7\" data-element_type=\"widget\" data-settings=\"{&quot;ekit_we_effect_on&quot;:&quot;none&quot;}\" data-widget_type=\"text-editor.default\">\n\t\t\t\t<div class=\"elementor-widget-container\">\n\t\t\t\t\t\t\t<p><span style=\"font-weight: 400;\">Experiencia SAP inigualable: Como empresa de servicios de software especializada en soluciones SAP, aportamos una amplia experiencia y conocimiento. Nuestro equipo de consultores SAP posee un profundo conocimiento de las tecnolog\u00edas SAP, las mejores pr\u00e1cticas y las tendencias de la industria. Con nuestra orientaci\u00f3n, podr\u00e1s navegar por las complejidades de las soluciones SAP y tomar decisiones informadas que impulsen el \u00e9xito empresarial.<\/span><\/p><p><span style=\"font-weight: 400;\">Soluciones personalizadas para tu negocio: Entendemos que cada negocio es \u00fanico y nuestros Servicios de Consultor\u00eda SAP se adaptan a tus necesidades espec\u00edficas. Tomamos el tiempo para comprender tus objetivos, desaf\u00edos y requisitos, lo que nos permite desarrollar una estrategia de consultor\u00eda personalizada. Ya sea que se trate de implementar nuevos m\u00f3dulos de SAP, optimizar soluciones existentes o abordar problemas espec\u00edficos, adaptamos nuestro enfoque a tus objetivos empresariales.<\/span><\/p><p><span style=\"font-weight: 400;\">Planificaci\u00f3n estrat\u00e9gica y dise\u00f1o de hojas de ruta: Nuestros consultores SAP son expertos en planificaci\u00f3n estrat\u00e9gica y desarrollo de hojas de ruta. Trabajamos estrechamente con tu equipo para alinear las soluciones SAP con tu estrategia empresarial general. Mediante el an\u00e1lisis de tus sistemas actuales, la identificaci\u00f3n de brechas y la definici\u00f3n de un camino claro hacia adelante, te ayudamos a crear una hoja de ruta que maximice el valor de las soluciones SAP y garantice el \u00e9xito a largo plazo.<\/span><\/p><p><span style=\"font-weight: 400;\">Optimizaci\u00f3n de procesos y eficiencia: Con nuestros Servicios de Consultor\u00eda SAP, podr\u00e1s optimizar los procesos de tu negocio y mejorar la eficiencia operativa. Nuestros consultores analizan tus flujos de trabajo existentes, identifican \u00e1reas de mejora y aprovechan las soluciones SAP para optimizar procesos, reducir redundancias e incrementar la productividad. Experimenta una mayor eficiencia y ahorros de costos a medida que aprovechas todo el potencial de las tecnolog\u00edas SAP.<\/span><\/p><p><span style=\"font-weight: 400;\">Soporte continuo y capacitaci\u00f3n: Nuestro compromiso con tu \u00e9xito va m\u00e1s all\u00e1 de las consultor\u00edas. Ofrecemos servicios de soporte y capacitaci\u00f3n integrales para asegurar que tu equipo est\u00e9 preparado para aprovechar las soluciones SAP de manera efectiva. Nuestros consultores est\u00e1n disponibles para abordar cualquier inquietud, brindar orientaci\u00f3n y ofrecer sesiones de capacitaci\u00f3n adaptadas a las necesidades de tu organizaci\u00f3n. Mantente a la vanguardia con nuestro dedicado soporte y experiencia en capacitaci\u00f3n.<\/span><\/p>\t\t\t\t\t\t<\/div>\n\t\t\t\t<\/div>\n\t\t\t\t\t<\/div>\n\t\t<\/div>\n\t\t\t\t\t\t\t<\/div>\n\t\t<\/section>\n\t\t\t\t\t<\/div>\n\t\t<\/div>\n\t\t\t\t\t\t\t<\/div>\n\t\t<\/section>\n\t\t\t\t\t\t\t<\/div>","protected":false},"excerpt":{"rendered":"<p>Unlocking the Full Potential of SAP Solutions! Call us Are you ready to optimize your business operations, enhance efficiency, and leverage the power of SAP solutions? Look no further! Our SAP Project Implementation &#038; Rollout service is designed to help organizations like yours successfully implement and expand SAP solutions to drive business growth. Here&#8217;s why [&hellip;]<\/p>","protected":false},"author":2,"featured_media":0,"parent":468,"menu_order":0,"comment_status":"closed","ping_status":"closed","template":"","meta":{"_monsterinsights_skip_tracking":false,"_monsterinsights_sitenote_active":false,"_monsterinsights_sitenote_note":"","_monsterinsights_sitenote_category":0,"footnotes":""},"yoast_head":"<!-- This site is optimized with the Yoast SEO plugin v20.13 - https:\/\/yoast.com\/wordpress\/plugins\/seo\/ -->\n<title>SAP Consulting\u00a0\u00a0 - Nexa Consulting<\/title>\n<meta name=\"robots\" content=\"index, follow, max-snippet:-1, max-image-preview:large, max-video-preview:-1\" \/>\n<link rel=\"canonical\" href=\"https:\/\/grupo-nexa.com\/es\/sap-services\/sap-consulting\/\" \/>\n<meta property=\"og:locale\" content=\"es_ES\" \/>\n<meta property=\"og:type\" content=\"article\" \/>\n<meta property=\"og:title\" content=\"SAP Consulting\u00a0\u00a0 - Nexa Consulting\" \/>\n<meta property=\"og:description\" content=\"Unlocking the Full Potential of SAP Solutions! Call us Are you ready to optimize your business operations, enhance efficiency, and leverage the power of SAP solutions? Look no further! Our SAP Project Implementation &#038; Rollout service is designed to help organizations like yours successfully implement and expand SAP solutions to drive business growth. Here&#8217;s why [&hellip;]\" \/>\n<meta property=\"og:url\" content=\"https:\/\/grupo-nexa.com\/es\/sap-services\/sap-consulting\/\" \/>\n<meta property=\"og:site_name\" content=\"Nexa Consulting\" \/>\n<meta property=\"article:modified_time\" content=\"2023-07-19T16:30:22+00:00\" \/>\n<meta name=\"twitter:card\" content=\"summary_large_image\" \/>\n<meta name=\"twitter:label1\" content=\"Tiempo de lectura\" \/>\n\t<meta name=\"twitter:data1\" content=\"2 minutos\" \/>\n<script type=\"application\/ld+json\" class=\"yoast-schema-graph\">{\"@context\":\"https:\/\/schema.org\",\"@graph\":[{\"@type\":\"WebPage\",\"@id\":\"https:\/\/grupo-nexa.com\/sap-services\/sap-consulting\/\",\"url\":\"https:\/\/grupo-nexa.com\/sap-services\/sap-consulting\/\",\"name\":\"SAP Consulting\u00a0\u00a0 - Nexa Consulting\",\"isPartOf\":{\"@id\":\"https:\/\/grupo-nexa.com\/#website\"},\"datePublished\":\"2023-07-19T15:42:31+00:00\",\"dateModified\":\"2023-07-19T16:30:22+00:00\",\"breadcrumb\":{\"@id\":\"https:\/\/grupo-nexa.com\/sap-services\/sap-consulting\/#breadcrumb\"},\"inLanguage\":\"es\",\"potentialAction\":[{\"@type\":\"ReadAction\",\"target\":[\"https:\/\/grupo-nexa.com\/sap-services\/sap-consulting\/\"]}]},{\"@type\":\"BreadcrumbList\",\"@id\":\"https:\/\/grupo-nexa.com\/sap-services\/sap-consulting\/#breadcrumb\",\"itemListElement\":[{\"@type\":\"ListItem\",\"position\":1,\"name\":\"Home\",\"item\":\"https:\/\/grupo-nexa.com\/\"},{\"@type\":\"ListItem\",\"position\":2,\"name\":\"SAP SERVICES\",\"item\":\"https:\/\/grupo-nexa.com\/sap-services\/\"},{\"@type\":\"ListItem\",\"position\":3,\"name\":\"SAP Consulting\u00a0\u00a0\"}]},{\"@type\":\"WebSite\",\"@id\":\"https:\/\/grupo-nexa.com\/#website\",\"url\":\"https:\/\/grupo-nexa.com\/\",\"name\":\"Nexa Consulting\",\"description\":\"\u00a1Creyentes tecnol\u00f3gicos!\",\"publisher\":{\"@id\":\"https:\/\/grupo-nexa.com\/#organization\"},\"potentialAction\":[{\"@type\":\"SearchAction\",\"target\":{\"@type\":\"EntryPoint\",\"urlTemplate\":\"https:\/\/grupo-nexa.com\/?s={search_term_string}\"},\"query-input\":\"required name=search_term_string\"}],\"inLanguage\":\"es\"},{\"@type\":\"Organization\",\"@id\":\"https:\/\/grupo-nexa.com\/#organization\",\"name\":\"Nexa Consulting\",\"url\":\"https:\/\/grupo-nexa.com\/\",\"logo\":{\"@type\":\"ImageObject\",\"inLanguage\":\"es\",\"@id\":\"https:\/\/grupo-nexa.com\/#\/schema\/logo\/image\/\",\"url\":\"https:\/\/grupo-nexa.com\/wp-content\/uploads\/2023\/06\/logoweb-original.png\",\"contentUrl\":\"https:\/\/grupo-nexa.com\/wp-content\/uploads\/2023\/06\/logoweb-original.png\",\"width\":430,\"height\":150,\"caption\":\"Nexa Consulting\"},\"image\":{\"@id\":\"https:\/\/grupo-nexa.com\/#\/schema\/logo\/image\/\"}}]}<\/script>\n<!-- \/ Yoast SEO plugin. -->","yoast_head_json":{"title":"SAP Consulting\u00a0\u00a0 - Nexa Consulting","robots":{"index":"index","follow":"follow","max-snippet":"max-snippet:-1","max-image-preview":"max-image-preview:large","max-video-preview":"max-video-preview:-1"},"canonical":"https:\/\/grupo-nexa.com\/es\/sap-services\/sap-consulting\/","og_locale":"es_ES","og_type":"article","og_title":"SAP Consulting\u00a0\u00a0 - Nexa Consulting","og_description":"Unlocking the Full Potential of SAP Solutions! Call us Are you ready to optimize your business operations, enhance efficiency, and leverage the power of SAP solutions? Look no further! Our SAP Project Implementation &#038; Rollout service is designed to help organizations like yours successfully implement and expand SAP solutions to drive business growth. Here&#8217;s why [&hellip;]","og_url":"https:\/\/grupo-nexa.com\/es\/sap-services\/sap-consulting\/","og_site_name":"Nexa Consulting","article_modified_time":"2023-07-19T16:30:22+00:00","twitter_card":"summary_large_image","twitter_misc":{"Tiempo de lectura":"2 minutos"},"schema":{"@context":"https:\/\/schema.org","@graph":[{"@type":"WebPage","@id":"https:\/\/grupo-nexa.com\/sap-services\/sap-consulting\/","url":"https:\/\/grupo-nexa.com\/sap-services\/sap-consulting\/","name":"SAP Consulting\u00a0\u00a0 - Nexa Consulting","isPartOf":{"@id":"https:\/\/grupo-nexa.com\/#website"},"datePublished":"2023-07-19T15:42:31+00:00","dateModified":"2023-07-19T16:30:22+00:00","breadcrumb":{"@id":"https:\/\/grupo-nexa.com\/sap-services\/sap-consulting\/#breadcrumb"},"inLanguage":"es","potentialAction":[{"@type":"ReadAction","target":["https:\/\/grupo-nexa.com\/sap-services\/sap-consulting\/"]}]},{"@type":"BreadcrumbList","@id":"https:\/\/grupo-nexa.com\/sap-services\/sap-consulting\/#breadcrumb","itemListElement":[{"@type":"ListItem","position":1,"name":"Home","item":"https:\/\/grupo-nexa.com\/"},{"@type":"ListItem","position":2,"name":"SAP SERVICES","item":"https:\/\/grupo-nexa.com\/sap-services\/"},{"@type":"ListItem","position":3,"name":"SAP Consulting\u00a0\u00a0"}]},{"@type":"WebSite","@id":"https:\/\/grupo-nexa.com\/#website","url":"https:\/\/grupo-nexa.com\/","name":"Nexa Consulting","description":"\u00a1Creyentes tecnol\u00f3gicos!","publisher":{"@id":"https:\/\/grupo-nexa.com\/#organization"},"potentialAction":[{"@type":"SearchAction","target":{"@type":"EntryPoint","urlTemplate":"https:\/\/grupo-nexa.com\/?s={search_term_string}"},"query-input":"required name=search_term_string"}],"inLanguage":"es"},{"@type":"Organization","@id":"https:\/\/grupo-nexa.com\/#organization","name":"Nexa Consulting","url":"https:\/\/grupo-nexa.com\/","logo":{"@type":"ImageObject","inLanguage":"es","@id":"https:\/\/grupo-nexa.com\/#\/schema\/logo\/image\/","url":"https:\/\/grupo-nexa.com\/wp-content\/uploads\/2023\/06\/logoweb-original.png","contentUrl":"https:\/\/grupo-nexa.com\/wp-content\/uploads\/2023\/06\/logoweb-original.png","width":430,"height":150,"caption":"Nexa Consulting"},"image":{"@id":"https:\/\/grupo-nexa.com\/#\/schema\/logo\/image\/"}}]}},"_links":{"self":[{"href":"https:\/\/grupo-nexa.com\/es\/wp-json\/wp\/v2\/pages\/489"}],"collection":[{"href":"https:\/\/grupo-nexa.com\/es\/wp-json\/wp\/v2\/pages"}],"about":[{"href":"https:\/\/grupo-nexa.com\/es\/wp-json\/wp\/v2\/types\/page"}],"author":[{"embeddable":true,"href":"https:\/\/grupo-nexa.com\/es\/wp-json\/wp\/v2\/users\/2"}],"replies":[{"embeddable":true,"href":"https:\/\/grupo-nexa.com\/es\/wp-json\/wp\/v2\/comments?post=489"}],"version-history":[{"count":4,"href":"https:\/\/grupo-nexa.com\/es\/wp-json\/wp\/v2\/pages\/489\/revisions"}],"predecessor-version":[{"id":493,"href":"https:\/\/grupo-nexa.com\/es\/wp-json\/wp\/v2\/pages\/489\/revisions\/493"}],"up":[{"embeddable":true,"href":"https:\/\/grupo-nexa.com\/es\/wp-json\/wp\/v2\/pages\/468"}],"wp:attachment":[{"href":"https:\/\/grupo-nexa.com\/es\/wp-json\/wp\/v2\/media?parent=489"}],"curies":[{"name":"wp","href":"https:\/\/api.w.org\/{rel}","templated":true}]}}