{"id":468,"date":"2023-07-19T12:17:58","date_gmt":"2023-07-19T15:17:58","guid":{"rendered":"https:\/\/grupo-nexa.com\/?page_id=468"},"modified":"2023-07-20T15:09:46","modified_gmt":"2023-07-20T18:09:46","slug":"sap-services","status":"publish","type":"page","link":"https:\/\/grupo-nexa.com\/es\/sap-services\/","title":{"rendered":"SERVICIOS SAP"},"content":{"rendered":"<div data-elementor-type=\"wp-page\" data-elementor-id=\"468\" class=\"elementor elementor-468\" data-elementor-post-type=\"page\">\n\t\t\t\t\t\t\t\t\t<section class=\"elementor-section elementor-top-section elementor-element elementor-element-285850a1 elementor-section-boxed elementor-section-height-default elementor-section-height-default\" data-id=\"285850a1\" data-element_type=\"section\" data-settings=\"{&quot;background_background&quot;:&quot;classic&quot;,&quot;ekit_has_onepagescroll_dot&quot;:&quot;yes&quot;}\">\n\t\t\t\t\t\t\t<div class=\"elementor-background-overlay\"><\/div>\n\t\t\t\t\t\t\t<div class=\"elementor-container elementor-column-gap-wider\">\n\t\t\t\t\t<div class=\"elementor-column elementor-col-100 elementor-top-column elementor-element elementor-element-4ab4a8bb\" data-id=\"4ab4a8bb\" data-element_type=\"column\">\n\t\t\t<div class=\"elementor-widget-wrap elementor-element-populated\">\n\t\t\t\t\t\t\t\t<section class=\"elementor-section elementor-inner-section elementor-element elementor-element-5da84b99 elementor-section-height-min-height elementor-section-boxed elementor-section-height-default\" data-id=\"5da84b99\" data-element_type=\"section\" data-settings=\"{&quot;background_background&quot;:&quot;classic&quot;,&quot;ekit_has_onepagescroll_dot&quot;:&quot;yes&quot;}\">\n\t\t\t\t\t\t<div class=\"elementor-container elementor-column-gap-wider\">\n\t\t\t\t\t<div class=\"elementor-column elementor-col-100 elementor-inner-column elementor-element elementor-element-570eceb5\" data-id=\"570eceb5\" data-element_type=\"column\">\n\t\t\t<div class=\"elementor-widget-wrap elementor-element-populated\">\n\t\t\t\t\t\t\t\t<div class=\"elementor-element elementor-element-53dbea22 elementor-invisible elementor-widget elementor-widget-text-editor\" data-id=\"53dbea22\" data-element_type=\"widget\" data-settings=\"{&quot;_animation&quot;:&quot;fadeInLeft&quot;,&quot;_animation_delay&quot;:800,&quot;ekit_we_effect_on&quot;:&quot;none&quot;}\" data-widget_type=\"text-editor.default\">\n\t\t\t\t<div class=\"elementor-widget-container\">\n\t\t\t<style>\/*! elementor - v3.15.0 - 09-08-2023 *\/\n.elementor-widget-text-editor.elementor-drop-cap-view-stacked .elementor-drop-cap{background-color:#69727d;color:#fff}.elementor-widget-text-editor.elementor-drop-cap-view-framed .elementor-drop-cap{color:#69727d;border:3px solid;background-color:transparent}.elementor-widget-text-editor:not(.elementor-drop-cap-view-default) .elementor-drop-cap{margin-top:8px}.elementor-widget-text-editor:not(.elementor-drop-cap-view-default) .elementor-drop-cap-letter{width:1em;height:1em}.elementor-widget-text-editor .elementor-drop-cap{float:left;text-align:center;line-height:1;font-size:50px}.elementor-widget-text-editor .elementor-drop-cap-letter{display:inline-block}<\/style>\t\t\t\t<p><span style=\"font-weight: 400;\">Nexa Consulting ofrece una amplia gama de servicios relacionados con la consultor\u00eda tecnol\u00f3gica y de negocio, algunos de ellos son:<\/span><\/p>\t\t\t\t\t\t<\/div>\n\t\t\t\t<\/div>\n\t\t\t\t\t<\/div>\n\t\t<\/div>\n\t\t\t\t\t\t\t<\/div>\n\t\t<\/section>\n\t\t\t\t\t<\/div>\n\t\t<\/div>\n\t\t\t\t\t\t\t<\/div>\n\t\t<\/section>\n\t\t<div class=\"elementor-element elementor-element-7b52514 e-flex e-con-boxed e-con\" data-id=\"7b52514\" data-element_type=\"container\" data-settings=\"{&quot;content_width&quot;:&quot;boxed&quot;,&quot;ekit_has_onepagescroll_dot&quot;:&quot;yes&quot;}\">\n\t\t\t\t\t<div class=\"e-con-inner\">\n\t\t\t\t<div class=\"elementor-element elementor-element-0025c90 elementor-widget__width-initial elementor-widget-mobile__width-inherit elementor-vertical-align-top elementor-widget elementor-widget-icon-box\" data-id=\"0025c90\" data-element_type=\"widget\" data-settings=\"{&quot;ekit_we_effect_on&quot;:&quot;none&quot;}\" data-widget_type=\"icon-box.default\">\n\t\t\t\t<div class=\"elementor-widget-container\">\n\t\t\t<link rel=\"stylesheet\" href=\"https:\/\/grupo-nexa.com\/wp-content\/uploads\/elementor\/css\/custom-widget-icon-box.min.css?ver=1691767694\">\t\t<div class=\"elementor-icon-box-wrapper\">\n\t\t\t\t\t\t<div class=\"elementor-icon-box-content\">\n\t\t\t\t<h4 class=\"elementor-icon-box-title\">\n\t\t\t\t\t<a href=\"https:\/\/grupo-nexa.com\/es\/global-services\/project-implementation\/\" >\n\t\t\t\t\t\tSAP Project Implementation &amp; Rollout\t\t\t\t\t<\/a>\n\t\t\t\t<\/h4>\n\t\t\t\t\t\t\t\t\t<p class=\"elementor-icon-box-description\">\n\t\t\t\t\t\tNo te pierdas el poder transformador de las soluciones SAP. Aprovecha nuestro servicio de Implementaci\u00f3n y rollout de Proyectos SAP para optimizar tus operaciones empresariales, mejorar la eficiencia e impulsar el crecimiento. Cont\u00e1ctanos ahora para programar una consulta y descubre c\u00f3mo nuestros profesionales SAP pueden ayudarte a alcanzar la excelencia SAP. Juntos, emprendamos un exitoso viaje con SAP y desbloqueemos todo el potencial de tu organizaci\u00f3n.\n\t\t\t\t\t<\/p>\n\t\t\t\t\t\t\t<\/div>\n\t\t<\/div>\n\t\t\t\t<\/div>\n\t\t\t\t<\/div>\n\t\t\t\t<div class=\"elementor-element elementor-element-8ae5798 elementor-widget__width-initial elementor-widget-mobile__width-inherit elementor-vertical-align-top elementor-widget elementor-widget-icon-box\" data-id=\"8ae5798\" data-element_type=\"widget\" data-settings=\"{&quot;ekit_we_effect_on&quot;:&quot;none&quot;}\" data-widget_type=\"icon-box.default\">\n\t\t\t\t<div class=\"elementor-widget-container\">\n\t\t\t\t\t<div class=\"elementor-icon-box-wrapper\">\n\t\t\t\t\t\t<div class=\"elementor-icon-box-content\">\n\t\t\t\t<h4 class=\"elementor-icon-box-title\">\n\t\t\t\t\t<a href=\"https:\/\/grupo-nexa.com\/es\/sap-services\/sap-consulting\/\" >\n\t\t\t\t\t\tConsultor\u00eda SAP  \t\t\t\t\t<\/a>\n\t\t\t\t<\/h4>\n\t\t\t\t\t\t\t\t\t<p class=\"elementor-icon-box-description\">\n\t\t\t\t\t\tNo te pierdas el poder transformador de las soluciones SAP. Aprovecha nuestros Servicios de Consultor\u00eda SAP para desbloquear todo el potencial de tu negocio. Cont\u00e1ctanos ahora para programar una consulta y descubre c\u00f3mo nuestros consultores SAP pueden ayudarte a alcanzar la excelencia SAP. Juntos, optimicemos tus procesos empresariales, impulsemos el crecimiento y logremos resultados notables con las soluciones SAP.\n\t\t\t\t\t<\/p>\n\t\t\t\t\t\t\t<\/div>\n\t\t<\/div>\n\t\t\t\t<\/div>\n\t\t\t\t<\/div>\n\t\t\t\t<div class=\"elementor-element elementor-element-b2ac4a7 elementor-widget__width-initial elementor-widget-mobile__width-inherit elementor-vertical-align-top elementor-widget elementor-widget-icon-box\" data-id=\"b2ac4a7\" data-element_type=\"widget\" data-settings=\"{&quot;ekit_we_effect_on&quot;:&quot;none&quot;}\" data-widget_type=\"icon-box.default\">\n\t\t\t\t<div class=\"elementor-widget-container\">\n\t\t\t\t\t<div class=\"elementor-icon-box-wrapper\">\n\t\t\t\t\t\t<div class=\"elementor-icon-box-content\">\n\t\t\t\t<h4 class=\"elementor-icon-box-title\">\n\t\t\t\t\t<a href=\"https:\/\/grupo-nexa.com\/es\/sap-services\/sap-s-4-hana-rise\/\" >\n\t\t\t\t\t\tSAP S\/4 HANA &amp; RISE\t\t\t\t\t<\/a>\n\t\t\t\t<\/h4>\n\t\t\t\t\t\t\t\t\t<p class=\"elementor-icon-box-description\">\n\t\t\t\t\t\tNo te pierdas el poder transformador de la principal plataforma del nuevo  ERP de SAP. Aprovecha nuestro servicio de SAP S\/4HANA &amp; SAP RISE para elevar tu negocio a nuevas alturas. Cont\u00e1ctanos ahora para programar una consulta y descubrir c\u00f3mo nuestra experiencia puede ayudarte a alcanzar la excelencia de SAP. \u00a1Juntos, desbloqueemos todo el potencial de SAP S\/4HANA &amp; RISE y dirijamos tu organizaci\u00f3n hacia un \u00e9xito inigualable en la era digital!\n\t\t\t\t\t<\/p>\n\t\t\t\t\t\t\t<\/div>\n\t\t<\/div>\n\t\t\t\t<\/div>\n\t\t\t\t<\/div>\n\t\t\t\t<div class=\"elementor-element elementor-element-ec68bda elementor-widget__width-initial elementor-widget-mobile__width-inherit elementor-vertical-align-top elementor-widget elementor-widget-icon-box\" data-id=\"ec68bda\" data-element_type=\"widget\" data-settings=\"{&quot;ekit_we_effect_on&quot;:&quot;none&quot;}\" data-widget_type=\"icon-box.default\">\n\t\t\t\t<div class=\"elementor-widget-container\">\n\t\t\t\t\t<div class=\"elementor-icon-box-wrapper\">\n\t\t\t\t\t\t<div class=\"elementor-icon-box-content\">\n\t\t\t\t<h4 class=\"elementor-icon-box-title\">\n\t\t\t\t\t<a href=\"https:\/\/grupo-nexa.com\/es\/sap-services\/sap-business-technology-platform-sap-btp\/\" >\n\t\t\t\t\t\tSAP Business Technology Platform (SAP BTP)\t\t\t\t\t<\/a>\n\t\t\t\t<\/h4>\n\t\t\t\t\t\t\t\t\t<p class=\"elementor-icon-box-description\">\n\t\t\t\t\t\tNo permitas que la interrupci\u00f3n digital frene tu negocio. Aprovecha nuestro servicio de Plataforma de Tecnolog\u00eda Empresarial de SAP (SAP BTP) para desatar todo el potencial de tu organizaci\u00f3n. Cont\u00e1ctanos ahora para programar una consulta y descubrir c\u00f3mo nuestra experiencia puede ayudarte a alcanzar la excelencia digital. Juntos, aceleremos la innovaci\u00f3n, impulsemos la agilidad y emprendamos un transformador viaje digital con SAP BTP, \u00a1dando forma a un futuro m\u00e1s brillante para tu negocio!\n\t\t\t\t\t<\/p>\n\t\t\t\t\t\t\t<\/div>\n\t\t<\/div>\n\t\t\t\t<\/div>\n\t\t\t\t<\/div>\n\t\t\t\t\t<\/div>\n\t\t\t\t<\/div>\n\t\t\t\t<section class=\"elementor-section elementor-top-section elementor-element elementor-element-60f1885 elementor-section-boxed elementor-section-height-default elementor-section-height-default\" data-id=\"60f1885\" data-element_type=\"section\" data-settings=\"{&quot;background_background&quot;:&quot;classic&quot;,&quot;ekit_has_onepagescroll_dot&quot;:&quot;yes&quot;}\">\n\t\t\t\t\t\t<div class=\"elementor-container elementor-column-gap-no\">\n\t\t\t\t\t<div class=\"elementor-column elementor-col-100 elementor-top-column elementor-element elementor-element-d951def\" data-id=\"d951def\" data-element_type=\"column\">\n\t\t\t<div class=\"elementor-widget-wrap elementor-element-populated\">\n\t\t\t\t\t\t\t\t<div class=\"elementor-element elementor-element-ac11882 elementor-widget elementor-widget-image-carousel\" data-id=\"ac11882\" data-element_type=\"widget\" data-settings=\"{&quot;slides_to_show&quot;:&quot;4&quot;,&quot;slides_to_show_mobile&quot;:&quot;2&quot;,&quot;navigation&quot;:&quot;none&quot;,&quot;autoplay_speed&quot;:1000,&quot;speed&quot;:9999,&quot;image_spacing_custom&quot;:{&quot;unit&quot;:&quot;px&quot;,&quot;size&quot;:24,&quot;sizes&quot;:[]},&quot;autoplay&quot;:&quot;yes&quot;,&quot;pause_on_hover&quot;:&quot;yes&quot;,&quot;pause_on_interaction&quot;:&quot;yes&quot;,&quot;infinite&quot;:&quot;yes&quot;,&quot;image_spacing_custom_laptop&quot;:{&quot;unit&quot;:&quot;px&quot;,&quot;size&quot;:&quot;&quot;,&quot;sizes&quot;:[]},&quot;image_spacing_custom_tablet&quot;:{&quot;unit&quot;:&quot;px&quot;,&quot;size&quot;:&quot;&quot;,&quot;sizes&quot;:[]},&quot;image_spacing_custom_mobile&quot;:{&quot;unit&quot;:&quot;px&quot;,&quot;size&quot;:&quot;&quot;,&quot;sizes&quot;:[]},&quot;ekit_we_effect_on&quot;:&quot;none&quot;}\" data-widget_type=\"image-carousel.default\">\n\t\t\t\t<div class=\"elementor-widget-container\">\n\t\t\t<style>\/*! elementor - v3.15.0 - 09-08-2023 *\/\n.elementor-widget-image-carousel .swiper,.elementor-widget-image-carousel .swiper-container{position:static}.elementor-widget-image-carousel .swiper-container .swiper-slide figure,.elementor-widget-image-carousel .swiper .swiper-slide figure{line-height:inherit}.elementor-widget-image-carousel .swiper-slide{text-align:center}.elementor-image-carousel-wrapper:not(.swiper-container-initialized):not(.swiper-initialized) .swiper-slide{max-width:calc(100% \/ var(--e-image-carousel-slides-to-show, 3))}<\/style>\t\t<div class=\"elementor-image-carousel-wrapper swiper\" dir=\"ltr\">\n\t\t\t<div class=\"elementor-image-carousel swiper-wrapper\" aria-live=\"off\">\n\t\t\t\t\t\t\t\t<div class=\"swiper-slide\" role=\"group\" aria-roledescription=\"slide\" aria-label=\"1 de 6\"><figure class=\"swiper-slide-inner\"><img decoding=\"async\" class=\"swiper-slide-image\" src=\"https:\/\/grupo-nexa.com\/wp-content\/uploads\/2023\/06\/technologies-making-business-easier-4BJ2BZZ.jpg\" alt=\"technologies-making-business-easier-4BJ2BZZ.jpg\" \/><\/figure><\/div><div class=\"swiper-slide\" role=\"group\" aria-roledescription=\"slide\" aria-label=\"2 de 6\"><figure class=\"swiper-slide-inner\"><img decoding=\"async\" class=\"swiper-slide-image\" src=\"https:\/\/grupo-nexa.com\/wp-content\/uploads\/2023\/06\/hi-tech-of-business-and-financial-concept-76U5KNE.jpg\" alt=\"hi-tech-of-business-and-financial-concept-76U5KNE.jpg\" \/><\/figure><\/div><div class=\"swiper-slide\" role=\"group\" aria-roledescription=\"slide\" aria-label=\"3 de 6\"><figure class=\"swiper-slide-inner\"><img decoding=\"async\" class=\"swiper-slide-image\" src=\"https:\/\/grupo-nexa.com\/wp-content\/uploads\/2023\/06\/womans-hands-typing-on-keyboard-at-desk-working-in-JDKKPMP.jpg\" alt=\"womans-hands-typing-on-keyboard-at-desk-working-in-JDKKPMP.jpg\" \/><\/figure><\/div><div class=\"swiper-slide\" role=\"group\" aria-roledescription=\"slide\" aria-label=\"4 de 6\"><figure class=\"swiper-slide-inner\"><img decoding=\"async\" class=\"swiper-slide-image\" src=\"https:\/\/grupo-nexa.com\/wp-content\/uploads\/2023\/06\/developing-programming-working-in-a-software-engin-BEKL65Q.jpg\" alt=\"developing-programming-working-in-a-software-engin-BEKL65Q.jpg\" \/><\/figure><\/div><div class=\"swiper-slide\" role=\"group\" aria-roledescription=\"slide\" aria-label=\"5 de 6\"><figure class=\"swiper-slide-inner\"><img decoding=\"async\" class=\"swiper-slide-image\" src=\"https:\/\/grupo-nexa.com\/wp-content\/uploads\/2023\/06\/technologies-in-business-VSH2THX.jpg\" alt=\"technologies-in-business-VSH2THX.jpg\" \/><\/figure><\/div><div class=\"swiper-slide\" role=\"group\" aria-roledescription=\"slide\" aria-label=\"6 de 6\"><figure class=\"swiper-slide-inner\"><img decoding=\"async\" class=\"swiper-slide-image\" src=\"https:\/\/grupo-nexa.com\/wp-content\/uploads\/2023\/06\/playing-virtual-game-in-vr-goggles-ZQUNFS7.jpg\" alt=\"playing-virtual-game-in-vr-goggles-ZQUNFS7.jpg\" \/><\/figure><\/div>\t\t\t<\/div>\n\t\t\t\t\t\t\t\n\t\t\t\t\t\t\t\t\t<\/div>\n\t\t\t\t<\/div>\n\t\t\t\t<\/div>\n\t\t\t\t<div class=\"elementor-element elementor-element-a848a7b elementor-widget elementor-widget-image-carousel\" data-id=\"a848a7b\" data-element_type=\"widget\" data-settings=\"{&quot;slides_to_show&quot;:&quot;4&quot;,&quot;navigation&quot;:&quot;none&quot;,&quot;speed&quot;:9999,&quot;image_spacing_custom&quot;:{&quot;unit&quot;:&quot;px&quot;,&quot;size&quot;:24,&quot;sizes&quot;:[]},&quot;autoplay&quot;:&quot;yes&quot;,&quot;pause_on_hover&quot;:&quot;yes&quot;,&quot;pause_on_interaction&quot;:&quot;yes&quot;,&quot;autoplay_speed&quot;:5000,&quot;infinite&quot;:&quot;yes&quot;,&quot;image_spacing_custom_laptop&quot;:{&quot;unit&quot;:&quot;px&quot;,&quot;size&quot;:&quot;&quot;,&quot;sizes&quot;:[]},&quot;image_spacing_custom_tablet&quot;:{&quot;unit&quot;:&quot;px&quot;,&quot;size&quot;:&quot;&quot;,&quot;sizes&quot;:[]},&quot;image_spacing_custom_mobile&quot;:{&quot;unit&quot;:&quot;px&quot;,&quot;size&quot;:&quot;&quot;,&quot;sizes&quot;:[]},&quot;ekit_we_effect_on&quot;:&quot;none&quot;}\" data-widget_type=\"image-carousel.default\">\n\t\t\t\t<div class=\"elementor-widget-container\">\n\t\t\t\t\t<div class=\"elementor-image-carousel-wrapper swiper\" dir=\"rtl\">\n\t\t\t<div class=\"elementor-image-carousel swiper-wrapper\" aria-live=\"off\">\n\t\t\t\t\t\t\t\t<div class=\"swiper-slide\" role=\"group\" aria-roledescription=\"slide\" aria-label=\"1 de 5\"><figure class=\"swiper-slide-inner\"><img decoding=\"async\" class=\"swiper-slide-image\" src=\"https:\/\/grupo-nexa.com\/wp-content\/uploads\/2023\/06\/cropped-view-of-designer-using-graphics-tablet-whi-4WHSQNZ.jpg\" alt=\"cropped-view-of-designer-using-graphics-tablet-whi-4WHSQNZ.jpg\" \/><\/figure><\/div><div class=\"swiper-slide\" role=\"group\" aria-roledescription=\"slide\" aria-label=\"2 de 5\"><figure class=\"swiper-slide-inner\"><img decoding=\"async\" class=\"swiper-slide-image\" src=\"https:\/\/grupo-nexa.com\/wp-content\/uploads\/2023\/06\/developing-mobile-application-6X2F58R.jpg\" alt=\"developing-mobile-application-6X2F58R.jpg\" \/><\/figure><\/div><div class=\"swiper-slide\" role=\"group\" aria-roledescription=\"slide\" aria-label=\"3 de 5\"><figure class=\"swiper-slide-inner\"><img decoding=\"async\" class=\"swiper-slide-image\" src=\"https:\/\/grupo-nexa.com\/wp-content\/uploads\/2023\/06\/technologies-in-business-VSH2THX.jpg\" alt=\"technologies-in-business-VSH2THX.jpg\" \/><\/figure><\/div><div class=\"swiper-slide\" role=\"group\" aria-roledescription=\"slide\" aria-label=\"4 de 5\"><figure class=\"swiper-slide-inner\"><img decoding=\"async\" class=\"swiper-slide-image\" src=\"https:\/\/grupo-nexa.com\/wp-content\/uploads\/2023\/06\/business-solutions-technology-and-strategy-concept-LZCD7LG.jpg\" alt=\"business-solutions-technology-and-strategy-concept-LZCD7LG.jpg\" \/><\/figure><\/div><div class=\"swiper-slide\" role=\"group\" aria-roledescription=\"slide\" aria-label=\"5 de 5\"><figure class=\"swiper-slide-inner\"><img decoding=\"async\" class=\"swiper-slide-image\" src=\"https:\/\/grupo-nexa.com\/wp-content\/uploads\/2023\/06\/searching-for-solutions-group-of-three-young-and-p-QKN7X76.jpg\" alt=\"searching-for-solutions-group-of-three-young-and-p-QKN7X76.jpg\" \/><\/figure><\/div>\t\t\t<\/div>\n\t\t\t\t\t\t\t\n\t\t\t\t\t\t\t\t\t<\/div>\n\t\t\t\t<\/div>\n\t\t\t\t<\/div>\n\t\t\t\t\t<\/div>\n\t\t<\/div>\n\t\t\t\t\t\t\t<\/div>\n\t\t<\/section>\n\t\t\t\t\t\t\t<\/div>","protected":false},"excerpt":{"rendered":"<p>Nexa Consulting provides a wide range of services related to technology and business consulting, some of them are: SAP Project Implementation &#038; Rollout Don&#8217;t miss out on the transformative power of SAP solutions. Embrace our SAP Project Implementation &#038; Rollout service to optimize your business operations, enhance efficiency, and drive growth. Contact us now to [&hellip;]<\/p>","protected":false},"author":2,"featured_media":0,"parent":0,"menu_order":4,"comment_status":"closed","ping_status":"closed","template":"","meta":{"_monsterinsights_skip_tracking":false,"_monsterinsights_sitenote_active":false,"_monsterinsights_sitenote_note":"","_monsterinsights_sitenote_category":0,"footnotes":""},"yoast_head":"<!-- This site is optimized with the Yoast SEO plugin v20.13 - https:\/\/yoast.com\/wordpress\/plugins\/seo\/ -->\n<title>SAP SERVICES - Nexa Consulting<\/title>\n<meta name=\"robots\" content=\"index, follow, max-snippet:-1, max-image-preview:large, max-video-preview:-1\" \/>\n<link rel=\"canonical\" href=\"https:\/\/grupo-nexa.com\/es\/sap-services\/\" \/>\n<meta property=\"og:locale\" content=\"es_ES\" \/>\n<meta property=\"og:type\" content=\"article\" \/>\n<meta property=\"og:title\" content=\"SAP SERVICES - Nexa Consulting\" \/>\n<meta property=\"og:description\" content=\"Nexa Consulting provides a wide range of services related to technology and business consulting, some of them are: SAP Project Implementation &#038; Rollout Don&#8217;t miss out on the transformative power of SAP solutions. Embrace our SAP Project Implementation &#038; Rollout service to optimize your business operations, enhance efficiency, and drive growth. Contact us now to [&hellip;]\" \/>\n<meta property=\"og:url\" content=\"https:\/\/grupo-nexa.com\/es\/sap-services\/\" \/>\n<meta property=\"og:site_name\" content=\"Nexa Consulting\" \/>\n<meta property=\"article:modified_time\" content=\"2023-07-20T18:09:46+00:00\" \/>\n<meta property=\"og:image\" content=\"http:\/\/grupo-nexa.com\/wp-content\/uploads\/2023\/06\/technologies-making-business-easier-4BJ2BZZ.jpg\" \/>\n<meta name=\"twitter:card\" content=\"summary_large_image\" \/>\n<meta name=\"twitter:label1\" content=\"Tiempo de lectura\" \/>\n\t<meta name=\"twitter:data1\" content=\"1 minuto\" \/>\n<script type=\"application\/ld+json\" class=\"yoast-schema-graph\">{\"@context\":\"https:\/\/schema.org\",\"@graph\":[{\"@type\":\"WebPage\",\"@id\":\"https:\/\/grupo-nexa.com\/sap-services\/\",\"url\":\"https:\/\/grupo-nexa.com\/sap-services\/\",\"name\":\"SAP SERVICES - Nexa Consulting\",\"isPartOf\":{\"@id\":\"https:\/\/grupo-nexa.com\/#website\"},\"datePublished\":\"2023-07-19T15:17:58+00:00\",\"dateModified\":\"2023-07-20T18:09:46+00:00\",\"breadcrumb\":{\"@id\":\"https:\/\/grupo-nexa.com\/sap-services\/#breadcrumb\"},\"inLanguage\":\"es\",\"potentialAction\":[{\"@type\":\"ReadAction\",\"target\":[\"https:\/\/grupo-nexa.com\/sap-services\/\"]}]},{\"@type\":\"BreadcrumbList\",\"@id\":\"https:\/\/grupo-nexa.com\/sap-services\/#breadcrumb\",\"itemListElement\":[{\"@type\":\"ListItem\",\"position\":1,\"name\":\"Home\",\"item\":\"https:\/\/grupo-nexa.com\/\"},{\"@type\":\"ListItem\",\"position\":2,\"name\":\"SAP SERVICES\"}]},{\"@type\":\"WebSite\",\"@id\":\"https:\/\/grupo-nexa.com\/#website\",\"url\":\"https:\/\/grupo-nexa.com\/\",\"name\":\"Nexa Consulting\",\"description\":\"\u00a1Creyentes tecnol\u00f3gicos!\",\"publisher\":{\"@id\":\"https:\/\/grupo-nexa.com\/#organization\"},\"potentialAction\":[{\"@type\":\"SearchAction\",\"target\":{\"@type\":\"EntryPoint\",\"urlTemplate\":\"https:\/\/grupo-nexa.com\/?s={search_term_string}\"},\"query-input\":\"required name=search_term_string\"}],\"inLanguage\":\"es\"},{\"@type\":\"Organization\",\"@id\":\"https:\/\/grupo-nexa.com\/#organization\",\"name\":\"Nexa Consulting\",\"url\":\"https:\/\/grupo-nexa.com\/\",\"logo\":{\"@type\":\"ImageObject\",\"inLanguage\":\"es\",\"@id\":\"https:\/\/grupo-nexa.com\/#\/schema\/logo\/image\/\",\"url\":\"https:\/\/grupo-nexa.com\/wp-content\/uploads\/2023\/06\/logoweb-original.png\",\"contentUrl\":\"https:\/\/grupo-nexa.com\/wp-content\/uploads\/2023\/06\/logoweb-original.png\",\"width\":430,\"height\":150,\"caption\":\"Nexa Consulting\"},\"image\":{\"@id\":\"https:\/\/grupo-nexa.com\/#\/schema\/logo\/image\/\"}}]}<\/script>\n<!-- \/ Yoast SEO plugin. -->","yoast_head_json":{"title":"SAP SERVICES - Nexa Consulting","robots":{"index":"index","follow":"follow","max-snippet":"max-snippet:-1","max-image-preview":"max-image-preview:large","max-video-preview":"max-video-preview:-1"},"canonical":"https:\/\/grupo-nexa.com\/es\/sap-services\/","og_locale":"es_ES","og_type":"article","og_title":"SAP SERVICES - Nexa Consulting","og_description":"Nexa Consulting provides a wide range of services related to technology and business consulting, some of them are: SAP Project Implementation &#038; Rollout Don&#8217;t miss out on the transformative power of SAP solutions. Embrace our SAP Project Implementation &#038; Rollout service to optimize your business operations, enhance efficiency, and drive growth. Contact us now to [&hellip;]","og_url":"https:\/\/grupo-nexa.com\/es\/sap-services\/","og_site_name":"Nexa Consulting","article_modified_time":"2023-07-20T18:09:46+00:00","og_image":[{"url":"http:\/\/grupo-nexa.com\/wp-content\/uploads\/2023\/06\/technologies-making-business-easier-4BJ2BZZ.jpg"}],"twitter_card":"summary_large_image","twitter_misc":{"Tiempo de lectura":"1 minuto"},"schema":{"@context":"https:\/\/schema.org","@graph":[{"@type":"WebPage","@id":"https:\/\/grupo-nexa.com\/sap-services\/","url":"https:\/\/grupo-nexa.com\/sap-services\/","name":"SAP SERVICES - Nexa Consulting","isPartOf":{"@id":"https:\/\/grupo-nexa.com\/#website"},"datePublished":"2023-07-19T15:17:58+00:00","dateModified":"2023-07-20T18:09:46+00:00","breadcrumb":{"@id":"https:\/\/grupo-nexa.com\/sap-services\/#breadcrumb"},"inLanguage":"es","potentialAction":[{"@type":"ReadAction","target":["https:\/\/grupo-nexa.com\/sap-services\/"]}]},{"@type":"BreadcrumbList","@id":"https:\/\/grupo-nexa.com\/sap-services\/#breadcrumb","itemListElement":[{"@type":"ListItem","position":1,"name":"Home","item":"https:\/\/grupo-nexa.com\/"},{"@type":"ListItem","position":2,"name":"SAP SERVICES"}]},{"@type":"WebSite","@id":"https:\/\/grupo-nexa.com\/#website","url":"https:\/\/grupo-nexa.com\/","name":"Nexa Consulting","description":"\u00a1Creyentes tecnol\u00f3gicos!","publisher":{"@id":"https:\/\/grupo-nexa.com\/#organization"},"potentialAction":[{"@type":"SearchAction","target":{"@type":"EntryPoint","urlTemplate":"https:\/\/grupo-nexa.com\/?s={search_term_string}"},"query-input":"required name=search_term_string"}],"inLanguage":"es"},{"@type":"Organization","@id":"https:\/\/grupo-nexa.com\/#organization","name":"Nexa Consulting","url":"https:\/\/grupo-nexa.com\/","logo":{"@type":"ImageObject","inLanguage":"es","@id":"https:\/\/grupo-nexa.com\/#\/schema\/logo\/image\/","url":"https:\/\/grupo-nexa.com\/wp-content\/uploads\/2023\/06\/logoweb-original.png","contentUrl":"https:\/\/grupo-nexa.com\/wp-content\/uploads\/2023\/06\/logoweb-original.png","width":430,"height":150,"caption":"Nexa Consulting"},"image":{"@id":"https:\/\/grupo-nexa.com\/#\/schema\/logo\/image\/"}}]}},"_links":{"self":[{"href":"https:\/\/grupo-nexa.com\/es\/wp-json\/wp\/v2\/pages\/468"}],"collection":[{"href":"https:\/\/grupo-nexa.com\/es\/wp-json\/wp\/v2\/pages"}],"about":[{"href":"https:\/\/grupo-nexa.com\/es\/wp-json\/wp\/v2\/types\/page"}],"author":[{"embeddable":true,"href":"https:\/\/grupo-nexa.com\/es\/wp-json\/wp\/v2\/users\/2"}],"replies":[{"embeddable":true,"href":"https:\/\/grupo-nexa.com\/es\/wp-json\/wp\/v2\/comments?post=468"}],"version-history":[{"count":10,"href":"https:\/\/grupo-nexa.com\/es\/wp-json\/wp\/v2\/pages\/468\/revisions"}],"predecessor-version":[{"id":672,"href":"https:\/\/grupo-nexa.com\/es\/wp-json\/wp\/v2\/pages\/468\/revisions\/672"}],"wp:attachment":[{"href":"https:\/\/grupo-nexa.com\/es\/wp-json\/wp\/v2\/media?parent=468"}],"curies":[{"name":"wp","href":"https:\/\/api.w.org\/{rel}","templated":true}]}}