{"id":228,"date":"2023-06-13T21:26:40","date_gmt":"2023-06-14T00:26:40","guid":{"rendered":"https:\/\/grupo-nexa.com\/?page_id=228"},"modified":"2023-07-03T09:28:54","modified_gmt":"2023-07-03T12:28:54","slug":"blog","status":"publish","type":"page","link":"https:\/\/grupo-nexa.com\/es\/blog\/","title":{"rendered":"BLOG"},"content":{"rendered":"<div data-elementor-type=\"wp-page\" data-elementor-id=\"228\" class=\"elementor elementor-228\" data-elementor-post-type=\"page\">\n\t\t\t\t\t\t\t\t\t<section class=\"elementor-section elementor-top-section elementor-element elementor-element-187d634c elementor-section-boxed elementor-section-height-default elementor-section-height-default\" data-id=\"187d634c\" data-element_type=\"section\" data-settings=\"{&quot;background_background&quot;:&quot;classic&quot;,&quot;ekit_has_onepagescroll_dot&quot;:&quot;yes&quot;}\">\n\t\t\t\t\t\t\t<div class=\"elementor-background-overlay\"><\/div>\n\t\t\t\t\t\t\t<div class=\"elementor-container elementor-column-gap-wider\">\n\t\t\t\t\t<div class=\"elementor-column elementor-col-100 elementor-top-column elementor-element elementor-element-5faf2322\" data-id=\"5faf2322\" data-element_type=\"column\">\n\t\t\t<div class=\"elementor-widget-wrap elementor-element-populated\">\n\t\t\t\t\t\t\t\t<section class=\"elementor-section elementor-inner-section elementor-element elementor-element-6a9427e4 elementor-section-height-min-height elementor-section-boxed elementor-section-height-default\" data-id=\"6a9427e4\" data-element_type=\"section\" data-settings=\"{&quot;background_background&quot;:&quot;classic&quot;,&quot;ekit_has_onepagescroll_dot&quot;:&quot;yes&quot;}\">\n\t\t\t\t\t\t<div class=\"elementor-container elementor-column-gap-wider\">\n\t\t\t\t\t<div class=\"elementor-column elementor-col-100 elementor-inner-column elementor-element elementor-element-69630501\" data-id=\"69630501\" data-element_type=\"column\">\n\t\t\t<div class=\"elementor-widget-wrap elementor-element-populated\">\n\t\t\t\t\t\t\t\t\t<\/div>\n\t\t<\/div>\n\t\t\t\t\t\t\t<\/div>\n\t\t<\/section>\n\t\t\t\t\t<\/div>\n\t\t<\/div>\n\t\t\t\t\t\t\t<\/div>\n\t\t<\/section>\n\t\t\t\t<section class=\"elementor-section elementor-top-section elementor-element elementor-element-9de38fb elementor-section-boxed elementor-section-height-default elementor-section-height-default\" data-id=\"9de38fb\" data-element_type=\"section\" data-settings=\"{&quot;background_background&quot;:&quot;classic&quot;,&quot;ekit_has_onepagescroll_dot&quot;:&quot;yes&quot;}\">\n\t\t\t\t\t\t<div class=\"elementor-container elementor-column-gap-wider\">\n\t\t\t\t\t<div class=\"elementor-column elementor-col-100 elementor-top-column elementor-element elementor-element-339286c9\" data-id=\"339286c9\" data-element_type=\"column\">\n\t\t\t<div class=\"elementor-widget-wrap elementor-element-populated\">\n\t\t\t\t\t\t\t\t<div class=\"elementor-element elementor-element-381ca996 elementor-widget__width-initial elementor-align-center elementor-widget elementor-widget-lottie\" data-id=\"381ca996\" data-element_type=\"widget\" data-settings=\"{&quot;loop&quot;:&quot;yes&quot;,&quot;source&quot;:&quot;external_url&quot;,&quot;source_external_url&quot;:{&quot;url&quot;:&quot;https:\\\/\\\/assets9.lottiefiles.com\\\/packages\\\/lf20_uR3DwK9y5B.json&quot;,&quot;is_external&quot;:&quot;&quot;,&quot;nofollow&quot;:&quot;&quot;,&quot;custom_attributes&quot;:&quot;&quot;},&quot;link_to&quot;:&quot;none&quot;,&quot;trigger&quot;:&quot;arriving_to_viewport&quot;,&quot;viewport&quot;:{&quot;unit&quot;:&quot;%&quot;,&quot;size&quot;:&quot;&quot;,&quot;sizes&quot;:{&quot;start&quot;:0,&quot;end&quot;:100}},&quot;play_speed&quot;:{&quot;unit&quot;:&quot;px&quot;,&quot;size&quot;:1,&quot;sizes&quot;:[]},&quot;start_point&quot;:{&quot;unit&quot;:&quot;%&quot;,&quot;size&quot;:&quot;0&quot;,&quot;sizes&quot;:[]},&quot;end_point&quot;:{&quot;unit&quot;:&quot;%&quot;,&quot;size&quot;:&quot;100&quot;,&quot;sizes&quot;:[]},&quot;renderer&quot;:&quot;svg&quot;,&quot;ekit_we_effect_on&quot;:&quot;none&quot;}\" data-widget_type=\"lottie.default\">\n\t\t\t\t<div class=\"elementor-widget-container\">\n\t\t\t<style>\/*! pro-elements - v3.14.0 - 18-06-2023 *\/\n.e-lottie__container{display:inline-block;max-width:var(--lottie-container-max-width);width:var(--lottie-container-width);opacity:var(--lottie-container-opacity)}.e-lottie__container:hover{opacity:var(--lottie-container-opacity-hover);transition-duration:var(--lottie-container-transition-duration-hover)}.e-lottie__container svg,.e-lottie__container svg *{transition:none!important}.e-lottie__caption{color:var(--caption-color);margin-top:var(--caption-margin-top);text-align:var(--caption-text-align)}<\/style><div class=\"e-lottie__container\"><div class=\"e-lottie__animation\"><\/div><\/div>\t\t<\/div>\n\t\t\t\t<\/div>\n\t\t\t\t<div class=\"elementor-element elementor-element-21dc5e89 elementor-widget__width-auto elementor-widget elementor-widget-heading\" data-id=\"21dc5e89\" data-element_type=\"widget\" data-settings=\"{&quot;ekit_we_effect_on&quot;:&quot;none&quot;}\" data-widget_type=\"heading.default\">\n\t\t\t\t<div class=\"elementor-widget-container\">\n\t\t\t<style>\/*! elementor - v3.15.0 - 09-08-2023 *\/\n.elementor-heading-title{padding:0;margin:0;line-height:1}.elementor-widget-heading .elementor-heading-title[class*=elementor-size-]>a{color:inherit;font-size:inherit;line-height:inherit}.elementor-widget-heading .elementor-heading-title.elementor-size-small{font-size:15px}.elementor-widget-heading .elementor-heading-title.elementor-size-medium{font-size:19px}.elementor-widget-heading .elementor-heading-title.elementor-size-large{font-size:29px}.elementor-widget-heading .elementor-heading-title.elementor-size-xl{font-size:39px}.elementor-widget-heading .elementor-heading-title.elementor-size-xxl{font-size:59px}<\/style><h2 class=\"elementor-heading-title elementor-size-default\">Recomendaciones para leer<\/h2>\t\t<\/div>\n\t\t\t\t<\/div>\n\t\t\t\t<div class=\"elementor-element elementor-element-9bb0ce2 elementor-widget elementor-widget-elementskit-blog-posts\" data-id=\"9bb0ce2\" data-element_type=\"widget\" data-settings=\"{&quot;ekit_we_effect_on&quot;:&quot;none&quot;}\" data-widget_type=\"elementskit-blog-posts.default\">\n\t\t\t\t<div class=\"elementor-widget-container\">\n\t\t\t<div class=\"ekit-wid-con\" >\n        <div id=\"post-items--9bb0ce2\" class=\"row post-items ekit-blog-posts-content\" data-enable=\"no\">\n\n\t\t\t<!-- Blog Carousel markup render -->\n\t\t\t\n\n            <div class=\"col-md-12\">\n\n                                    <div class=\"elementskit-blog-block-post\">\n                        <div class=\"row no-gutters\">\n                                                            <div class=\"col-md-6 order-1\">\n                                    <a href=\"https:\/\/grupo-nexa.com\/es\/the-future-of-your-company-lies-in-innovation-and-sap\/\" class=\"elementskit-entry-thumb\">\n                                        <img decoding=\"async\" src=\"https:\/\/grupo-nexa.com\/wp-content\/uploads\/2023\/06\/mobile-and-website-design-and-programing-developme-K4E9PKF.jpg\" alt=\"The future of your company lies in innovation and SAP\">\n                                    <\/a><!-- .elementskit-entry-thumb END -->\n                                <\/div>\n                            \n                            <div class=\"col-md-6 order-2\">\n                                <div class=\"elementskit-post-body\">\n                                    <div class=\"elementskit-entry-header\">\n                                        \n                                                                                                                                                                        \n                                            \n                                                                                                            <h2 class=\"entry-title\">\n                    <a href=\"https:\/\/grupo-nexa.com\/es\/the-future-of-your-company-lies-in-innovation-and-sap\/\">\n                            El futuro de su empresa pasa por la innovaci\u00f3n y SAP                    <\/a>\n                <\/h2>\n                                                                                                <\/div><!-- .elementskit-entry-header END -->\n\n                                                                            <div class=\"elementskit-post-footer\">\n                                                                                            <p>En estos tiempos de cambio constante y digitalizaci\u00f3n, es fundamental que las empresas est\u00e9n a la vanguardia y busquen la innovaci\u00f3n para destacar en el mercado. Y para conseguirlo, contar con un sistema robusto y fiable es esencial. Ese sistema es SAP.<\/p>\n                                                                                                                                <\/div><!-- .elementskit-post-footer END -->\n                                                                    <\/div><!-- .elementskit-post-body END -->\n                            <\/div>\n                        <\/div>\n                    <\/div><!-- .elementskit-blog-block-post .radius .gradient-bg END -->\n                \n            <\/div>\t\t\t\t\n\n            <div class=\"col-md-12\">\n\n                                    <div class=\"elementskit-blog-block-post\">\n                        <div class=\"row no-gutters\">\n                                                            <div class=\"col-md-6 order-1\">\n                                    <a href=\"https:\/\/grupo-nexa.com\/es\/how-sap-licensing-and-support-can-help-you-innovate-your-business\/\" class=\"elementskit-entry-thumb\">\n                                        <img decoding=\"async\" src=\"https:\/\/grupo-nexa.com\/wp-content\/uploads\/2023\/06\/developing-programming-working-in-a-software-engin-BEKL65Q.jpg\" alt=\"How SAP licensing and support can help you innovate your business\">\n                                    <\/a><!-- .elementskit-entry-thumb END -->\n                                <\/div>\n                            \n                            <div class=\"col-md-6 order-2\">\n                                <div class=\"elementskit-post-body\">\n                                    <div class=\"elementskit-entry-header\">\n                                        \n                                                                                                                                                                        \n                                            \n                                                                                                            <h2 class=\"entry-title\">\n                    <a href=\"https:\/\/grupo-nexa.com\/es\/how-sap-licensing-and-support-can-help-you-innovate-your-business\/\">\n                            C\u00f3mo las licencias y el soporte de SAP pueden ayudarle a innovar su empresa                    <\/a>\n                <\/h2>\n                                                                                                <\/div><!-- .elementskit-entry-header END -->\n\n                                                                            <div class=\"elementskit-post-footer\">\n                                                                                            <p>Hoy en d\u00eda, las empresas se enfrentan a retos cada vez mayores en un mercado globalizado. Por ello, contar con el mejor soporte y uso de las nuevas tecnolog\u00edas es fundamental para lograr la innovaci\u00f3n y el crecimiento necesarios para destacar. SAP es una de las herramientas tecnol\u00f3gicas m\u00e1s populares y potentes del mercado y es un excelente aliado en la transformaci\u00f3n digital de las empresas.<\/p>\n                                                                                                                                <\/div><!-- .elementskit-post-footer END -->\n                                                                    <\/div><!-- .elementskit-post-body END -->\n                            <\/div>\n                        <\/div>\n                    <\/div><!-- .elementskit-blog-block-post .radius .gradient-bg END -->\n                \n            <\/div>\t\t\t\t\n\n            <div class=\"col-md-12\">\n\n                                    <div class=\"elementskit-blog-block-post\">\n                        <div class=\"row no-gutters\">\n                                                            <div class=\"col-md-6 order-1\">\n                                    <a href=\"https:\/\/grupo-nexa.com\/es\/how-sap-implementation-can-lead-your-company-to-innovation\/\" class=\"elementskit-entry-thumb\">\n                                        <img decoding=\"async\" src=\"https:\/\/grupo-nexa.com\/wp-content\/uploads\/2023\/06\/robots-hands-typing-on-keyboard-B5XW2CS.jpg\" alt=\"How SAP implementation can lead your company to innovation\">\n                                    <\/a><!-- .elementskit-entry-thumb END -->\n                                <\/div>\n                            \n                            <div class=\"col-md-6 order-2\">\n                                <div class=\"elementskit-post-body\">\n                                    <div class=\"elementskit-entry-header\">\n                                        \n                                                                                                                                                                        \n                                            \n                                                                                                            <h2 class=\"entry-title\">\n                    <a href=\"https:\/\/grupo-nexa.com\/es\/how-sap-implementation-can-lead-your-company-to-innovation\/\">\n                            C\u00f3mo la implantaci\u00f3n de SAP puede llevar a su empresa a la innovaci\u00f3n                    <\/a>\n                <\/h2>\n                                                                                                <\/div><!-- .elementskit-entry-header END -->\n\n                                                                            <div class=\"elementskit-post-footer\">\n                                                                                            <p>SAP es un software de gesti\u00f3n empresarial que integra todas las \u00e1reas de una empresa en un \u00fanico sistema, lo que permite tener una visi\u00f3n completa y en tiempo real del negocio. Desde finanzas, compras, ventas, producci\u00f3n hasta recursos humanos, SAP es la soluci\u00f3n para automatizar y optimizar los procesos empresariales.<\/p>\n                                                                                                                                <\/div><!-- .elementskit-post-footer END -->\n                                                                    <\/div><!-- .elementskit-post-body END -->\n                            <\/div>\n                        <\/div>\n                    <\/div><!-- .elementskit-blog-block-post .radius .gradient-bg END -->\n                \n            <\/div>\t\t\t\t        <\/div>\n        \n        \n        <\/div>\t\t<\/div>\n\t\t\t\t<\/div>\n\t\t\t\t\t<\/div>\n\t\t<\/div>\n\t\t\t\t\t\t\t<\/div>\n\t\t<\/section>\n\t\t\t\t\t\t\t<\/div>","protected":false},"excerpt":{"rendered":"<p>Recommended to Read The future of your company lies in innovation and SAP In these times of constant change and digitization, it is essential for companies to be at the forefront and seek innovation in order to stand out in the market. And to achieve this, having a robust and reliable system is essential. That [&hellip;] <\/p>","protected":false},"author":2,"featured_media":0,"parent":0,"menu_order":0,"comment_status":"closed","ping_status":"closed","template":"","meta":{"_monsterinsights_skip_tracking":false,"_monsterinsights_sitenote_active":false,"_monsterinsights_sitenote_note":"","_monsterinsights_sitenote_category":0,"footnotes":""},"yoast_head":"<!-- This site is optimized with the Yoast SEO plugin v20.13 - https:\/\/yoast.com\/wordpress\/plugins\/seo\/ -->\n<title>BLOG - Nexa Consulting<\/title>\n<meta name=\"robots\" content=\"index, follow, max-snippet:-1, max-image-preview:large, max-video-preview:-1\" \/>\n<link rel=\"canonical\" href=\"https:\/\/grupo-nexa.com\/es\/blog\/\" \/>\n<meta property=\"og:locale\" content=\"es_ES\" \/>\n<meta property=\"og:type\" content=\"article\" \/>\n<meta property=\"og:title\" content=\"BLOG - Nexa Consulting\" \/>\n<meta property=\"og:description\" content=\"Recommended to Read The future of your company lies in innovation and SAP In these times of constant change and digitization, it is essential for companies to be at the forefront and seek innovation in order to stand out in the market. And to achieve this, having a robust and reliable system is essential. That [&hellip;]\" \/>\n<meta property=\"og:url\" content=\"https:\/\/grupo-nexa.com\/es\/blog\/\" \/>\n<meta property=\"og:site_name\" content=\"Nexa Consulting\" \/>\n<meta property=\"article:modified_time\" content=\"2023-07-03T12:28:54+00:00\" \/>\n<meta property=\"og:image\" content=\"http:\/\/grupo-nexa.com\/wp-content\/uploads\/2023\/06\/mobile-and-website-design-and-programing-developme-K4E9PKF.jpg\" \/>\n<meta name=\"twitter:card\" content=\"summary_large_image\" \/>\n<meta name=\"twitter:label1\" content=\"Tiempo de lectura\" \/>\n\t<meta name=\"twitter:data1\" content=\"1 minuto\" \/>\n<script type=\"application\/ld+json\" class=\"yoast-schema-graph\">{\"@context\":\"https:\/\/schema.org\",\"@graph\":[{\"@type\":\"WebPage\",\"@id\":\"https:\/\/grupo-nexa.com\/blog\/\",\"url\":\"https:\/\/grupo-nexa.com\/blog\/\",\"name\":\"BLOG - Nexa Consulting\",\"isPartOf\":{\"@id\":\"https:\/\/grupo-nexa.com\/#website\"},\"datePublished\":\"2023-06-14T00:26:40+00:00\",\"dateModified\":\"2023-07-03T12:28:54+00:00\",\"breadcrumb\":{\"@id\":\"https:\/\/grupo-nexa.com\/blog\/#breadcrumb\"},\"inLanguage\":\"es\",\"potentialAction\":[{\"@type\":\"ReadAction\",\"target\":[\"https:\/\/grupo-nexa.com\/blog\/\"]}]},{\"@type\":\"BreadcrumbList\",\"@id\":\"https:\/\/grupo-nexa.com\/blog\/#breadcrumb\",\"itemListElement\":[{\"@type\":\"ListItem\",\"position\":1,\"name\":\"Home\",\"item\":\"https:\/\/grupo-nexa.com\/\"},{\"@type\":\"ListItem\",\"position\":2,\"name\":\"BLOG\"}]},{\"@type\":\"WebSite\",\"@id\":\"https:\/\/grupo-nexa.com\/#website\",\"url\":\"https:\/\/grupo-nexa.com\/\",\"name\":\"Nexa Consulting\",\"description\":\"\u00a1Creyentes tecnol\u00f3gicos!\",\"publisher\":{\"@id\":\"https:\/\/grupo-nexa.com\/#organization\"},\"potentialAction\":[{\"@type\":\"SearchAction\",\"target\":{\"@type\":\"EntryPoint\",\"urlTemplate\":\"https:\/\/grupo-nexa.com\/?s={search_term_string}\"},\"query-input\":\"required name=search_term_string\"}],\"inLanguage\":\"es\"},{\"@type\":\"Organization\",\"@id\":\"https:\/\/grupo-nexa.com\/#organization\",\"name\":\"Nexa Consulting\",\"url\":\"https:\/\/grupo-nexa.com\/\",\"logo\":{\"@type\":\"ImageObject\",\"inLanguage\":\"es\",\"@id\":\"https:\/\/grupo-nexa.com\/#\/schema\/logo\/image\/\",\"url\":\"https:\/\/grupo-nexa.com\/wp-content\/uploads\/2023\/06\/logoweb-original.png\",\"contentUrl\":\"https:\/\/grupo-nexa.com\/wp-content\/uploads\/2023\/06\/logoweb-original.png\",\"width\":430,\"height\":150,\"caption\":\"Nexa Consulting\"},\"image\":{\"@id\":\"https:\/\/grupo-nexa.com\/#\/schema\/logo\/image\/\"}}]}<\/script>\n<!-- \/ Yoast SEO plugin. -->","yoast_head_json":{"title":"BLOG - Nexa Consulting","robots":{"index":"index","follow":"follow","max-snippet":"max-snippet:-1","max-image-preview":"max-image-preview:large","max-video-preview":"max-video-preview:-1"},"canonical":"https:\/\/grupo-nexa.com\/es\/blog\/","og_locale":"es_ES","og_type":"article","og_title":"BLOG - Nexa Consulting","og_description":"Recommended to Read The future of your company lies in innovation and SAP In these times of constant change and digitization, it is essential for companies to be at the forefront and seek innovation in order to stand out in the market. And to achieve this, having a robust and reliable system is essential. That [&hellip;]","og_url":"https:\/\/grupo-nexa.com\/es\/blog\/","og_site_name":"Nexa Consulting","article_modified_time":"2023-07-03T12:28:54+00:00","og_image":[{"url":"http:\/\/grupo-nexa.com\/wp-content\/uploads\/2023\/06\/mobile-and-website-design-and-programing-developme-K4E9PKF.jpg"}],"twitter_card":"summary_large_image","twitter_misc":{"Tiempo de lectura":"1 minuto"},"schema":{"@context":"https:\/\/schema.org","@graph":[{"@type":"WebPage","@id":"https:\/\/grupo-nexa.com\/blog\/","url":"https:\/\/grupo-nexa.com\/blog\/","name":"BLOG - Nexa Consulting","isPartOf":{"@id":"https:\/\/grupo-nexa.com\/#website"},"datePublished":"2023-06-14T00:26:40+00:00","dateModified":"2023-07-03T12:28:54+00:00","breadcrumb":{"@id":"https:\/\/grupo-nexa.com\/blog\/#breadcrumb"},"inLanguage":"es","potentialAction":[{"@type":"ReadAction","target":["https:\/\/grupo-nexa.com\/blog\/"]}]},{"@type":"BreadcrumbList","@id":"https:\/\/grupo-nexa.com\/blog\/#breadcrumb","itemListElement":[{"@type":"ListItem","position":1,"name":"Home","item":"https:\/\/grupo-nexa.com\/"},{"@type":"ListItem","position":2,"name":"BLOG"}]},{"@type":"WebSite","@id":"https:\/\/grupo-nexa.com\/#website","url":"https:\/\/grupo-nexa.com\/","name":"Nexa Consulting","description":"\u00a1Creyentes tecnol\u00f3gicos!","publisher":{"@id":"https:\/\/grupo-nexa.com\/#organization"},"potentialAction":[{"@type":"SearchAction","target":{"@type":"EntryPoint","urlTemplate":"https:\/\/grupo-nexa.com\/?s={search_term_string}"},"query-input":"required name=search_term_string"}],"inLanguage":"es"},{"@type":"Organization","@id":"https:\/\/grupo-nexa.com\/#organization","name":"Nexa Consulting","url":"https:\/\/grupo-nexa.com\/","logo":{"@type":"ImageObject","inLanguage":"es","@id":"https:\/\/grupo-nexa.com\/#\/schema\/logo\/image\/","url":"https:\/\/grupo-nexa.com\/wp-content\/uploads\/2023\/06\/logoweb-original.png","contentUrl":"https:\/\/grupo-nexa.com\/wp-content\/uploads\/2023\/06\/logoweb-original.png","width":430,"height":150,"caption":"Nexa Consulting"},"image":{"@id":"https:\/\/grupo-nexa.com\/#\/schema\/logo\/image\/"}}]}},"_links":{"self":[{"href":"https:\/\/grupo-nexa.com\/es\/wp-json\/wp\/v2\/pages\/228"}],"collection":[{"href":"https:\/\/grupo-nexa.com\/es\/wp-json\/wp\/v2\/pages"}],"about":[{"href":"https:\/\/grupo-nexa.com\/es\/wp-json\/wp\/v2\/types\/page"}],"author":[{"embeddable":true,"href":"https:\/\/grupo-nexa.com\/es\/wp-json\/wp\/v2\/users\/2"}],"replies":[{"embeddable":true,"href":"https:\/\/grupo-nexa.com\/es\/wp-json\/wp\/v2\/comments?post=228"}],"version-history":[{"count":22,"href":"https:\/\/grupo-nexa.com\/es\/wp-json\/wp\/v2\/pages\/228\/revisions"}],"predecessor-version":[{"id":405,"href":"https:\/\/grupo-nexa.com\/es\/wp-json\/wp\/v2\/pages\/228\/revisions\/405"}],"wp:attachment":[{"href":"https:\/\/grupo-nexa.com\/es\/wp-json\/wp\/v2\/media?parent=228"}],"curies":[{"name":"wp","href":"https:\/\/api.w.org\/{rel}","templated":true}]}}